{"id":17,"date":"2020-08-17T14:13:21","date_gmt":"2020-08-17T17:13:21","guid":{"rendered":"http:\/\/cassioribeiro.com.br\/?page_id=17"},"modified":"2020-08-17T14:36:51","modified_gmt":"2020-08-17T17:36:51","slug":"sobre","status":"publish","type":"page","link":"https:\/\/cassioribeiro.com.br\/index.php\/sobre\/","title":{"rendered":"Sobre"},"content":{"rendered":"\n<p><strong>Quem \u00e9 C\u00e1ssio Ribeiro?<\/strong><\/p>\n\n\n\n<p>Sou apaixonado por rob\u00f3tica, eletr\u00f4nica e automa\u00e7\u00e3o industrial desde quando era crian\u00e7a. Sou especialista em rob\u00f4s industriais de soldagem e conto com uma longa experi\u00eancia atuando em empresas de automa\u00e7\u00e3o e soldagem. Meu maior objetivo \u00e9 aproximar as pessoas as oportunidades na \u00e1rea de rob\u00f3tica industrial, pois acredito que \u00e9 uma profiss\u00e3o escassa no mercado e os atuais \u201cdonos\u201d de rob\u00f4s t\u00eam uma enorme dificuldade em encontrar este tipo de profissional. Tamb\u00e9m conto com a miss\u00e3o de ajudar atuais operadores e programadores a estarem sempre atualizados com os assuntos da \u00e1rea.<\/p>\n","protected":false},"excerpt":{"rendered":"<p>Quem \u00e9 C\u00e1ssio Ribeiro? Sou apaixonado por rob\u00f3tica, eletr\u00f4nica e automa\u00e7\u00e3o industrial desde quando era crian\u00e7a. Sou especialista em rob\u00f4s industriais de soldagem e conto com uma longa experi\u00eancia atuando em empresas de automa\u00e7\u00e3o e soldagem. Meu maior objetivo \u00e9 aproximar as pessoas as oportunidades na \u00e1rea de rob\u00f3tica industrial, pois acredito que \u00e9 uma&hellip;<\/p>\n","protected":false},"author":1,"featured_media":0,"parent":0,"menu_order":0,"comment_status":"closed","ping_status":"closed","template":"","meta":[],"_links":{"self":[{"href":"https:\/\/cassioribeiro.com.br\/index.php\/wp-json\/wp\/v2\/pages\/17"}],"collection":[{"href":"https:\/\/cassioribeiro.com.br\/index.php\/wp-json\/wp\/v2\/pages"}],"about":[{"href":"https:\/\/cassioribeiro.com.br\/index.php\/wp-json\/wp\/v2\/types\/page"}],"author":[{"embeddable":true,"href":"https:\/\/cassioribeiro.com.br\/index.php\/wp-json\/wp\/v2\/users\/1"}],"replies":[{"embeddable":true,"href":"https:\/\/cassioribeiro.com.br\/index.php\/wp-json\/wp\/v2\/comments?post=17"}],"version-history":[{"count":2,"href":"https:\/\/cassioribeiro.com.br\/index.php\/wp-json\/wp\/v2\/pages\/17\/revisions"}],"predecessor-version":[{"id":26,"href":"https:\/\/cassioribeiro.com.br\/index.php\/wp-json\/wp\/v2\/pages\/17\/revisions\/26"}],"wp:attachment":[{"href":"https:\/\/cassioribeiro.com.br\/index.php\/wp-json\/wp\/v2\/media?parent=17"}],"curies":[{"name":"wp","href":"https:\/\/api.w.org\/{rel}","templated":true}]}}